{"id":22,"date":"2019-10-30T14:09:07","date_gmt":"2019-10-30T13:09:07","guid":{"rendered":"http:\/\/jozefowski.art\/pl\/?page_id=22"},"modified":"2019-11-13T12:59:10","modified_gmt":"2019-11-13T11:59:10","slug":"rysunek","status":"publish","type":"page","link":"https:\/\/jozefowski.art\/pl\/rysunek\/","title":{"rendered":"RYSUNEK"},"content":{"rendered":"<p>[et_pb_section fb_built=&#8221;1&#8243; _builder_version=&#8221;3.22&#8243;][et_pb_row _builder_version=&#8221;4.0.4&#8243;][et_pb_column type=&#8221;4_4&#8243; _builder_version=&#8221;4.0.4&#8243;][et_pb_post_title meta=&#8221;off&#8221; _builder_version=&#8221;4.0.4&#8243;][\/et_pb_post_title][et_pb_text _builder_version=&#8221;4.0.4&#8243;]<\/p>\n<p style=\"text-align: justify;\">Rozdzia\u0142 ten rozpoczynaj\u0105 prace rysowane rapidografem, kt\u00f3ry sta\u0142 si\u0119 ulubionym narz\u0119dziem rysunkowym pod koniec moich studi\u00f3w w Lublinie. Pierwszy szkicownik z tamtych czas\u00f3w by\u0142 zeszytem szkolnym, w kt\u00f3rym pobie\u017cnie zapisywa\u0142em pomys\u0142y inspirowane napotkanymi symbolami i fascynuj\u0105cymi mnie formami. Jego wygl\u0105d i zawarto\u015b\u0107 nie zapowiada\u0142y jakiejkolwiek wagi tego typu notacji w przysz\u0142o\u015bci.<br \/>Proces zmian, jakie mia\u0142y miejsce w moim \u017cyciu, sprawi\u0142, \u017ce zastosowany w rysunkach spos\u00f3b obrazowania i narracja sta\u0142y si\u0119 wyrazem poszukiwa\u0144 w\u0142a\u015bciwej formy wizualnej, tj. adekwatnej do ukazania moich wewn\u0119trznych odczu\u0107, a jednocze\u015bnie nie ujawniaj\u0105cej w spos\u00f3b bezpo\u015bredni mojej postawy wobec \u015bwiata. Moje prace sta\u0142y si\u0119 wypowiedziami osobistymi, powo\u0142ywa\u0142y do \u017cycia wyimaginowane postacie \u015bwietnie wpasowane w moje wewn\u0119trzne potrzeby komentowania codzienno\u015bci. <br \/>Okres mieszkania w pokoju przy placu Staszica zainicjowa\u0142 prace wizualne osadzone w\u00a0przesz\u0142o\u015bci miasta, \u0142\u0105cznie z tymi, kt\u00f3re inspirowane by\u0142y wygl\u0105dem okolicznych kamienic. <br \/>Najwa\u017cniejszym szkicownikiem okaza\u0142 si\u0119 ten otrzymany w prezencie podczas pierwszej wyprawy do Pary\u017ca w 1987 roku. To w\u0142a\u015bnie on zainicjowa\u0142 inny spos\u00f3b notacji, dzi\u0119ki kt\u00f3remu zrealizowa\u0142em najwi\u0119cej prac graficznych, malarskich i ksi\u0105\u017ckowych. Notacje w szkicownikach do dzisiaj stanowi\u0105 dla mnie najbardziej naturalne sposoby poszukiwa\u0144 odpowiednich wypowiedzi wizualnych stanowi\u0105cych kod-szyfr zapisuj\u0105cy co\u015b, czego nie mog\u0119 lub nie chc\u0119 powiedzie\u0107 inaczej.<br \/>Rysowanie jest mi czynno\u015bci\u0105 bardzo blisk\u0105, intencjonalnie absorbuj\u0105c\u0105 czasowo poprzez <br \/>narzucony przez siebie samego stopie\u0144 uszczeg\u00f3\u0142owiania pracy. <br \/>Rozdzia\u0142 po\u015bwi\u0119cony rysunkowi zamykaj\u0105 prace powsta\u0142e podczas warsztat\u00f3w z samym sob\u0105. S\u0105 z\u0142o\u017cone w dyptyki, sk\u0142adaj\u0105ce si\u0119 z prac powsta\u0142ych w 2016 i ich przekszta\u0142ce\u0144 dokonanych w\u00a02017 roku.<\/p>\n<p>[\/et_pb_text][\/et_pb_column][\/et_pb_row][et_pb_row _builder_version=&#8221;4.0.4&#8243;][et_pb_column _builder_version=&#8221;4.0.4&#8243; type=&#8221;4_4&#8243;][et_pb_gallery gallery_ids=&#8221;349,350,351,352,353,354,355,356,357,358,359,360,361,362,363,364,365,366,367,368,369,370,371,372,373,374,375,376,377,378,379,380,381,382,383,384,385,386,387,388,389,390,391,392,393,394,395,396,397,398,399,400,401,402,403,404,405,406,407,408,409,410,411,412,413,414,415,416,417,418,419,420,421,422,423,424,425,426,427,428,429,430,431,432,433,434,435,436,437,438,439,440,441,442,443,444,445,446,447,448,449,450,451,452,453,454,455,456,457,458,459,460,461,462,463,464,465,466,467,468,469,470,471,472,473,474,475,476,477,478,479,480,481,482,483,484,485,486,487,488,489,490,491,492,493,494,495,496,497,498,499,500,501,502,503,504,505,506,507,508,509,510,511,512,513,514,515,516,517,518,519,520,521,522,523,524,525,526,527,528,529,530,531,532,533,534,535,536&#8243; posts_number=&#8221;24&#8243; orientation=&#8221;portrait&#8221; hover_icon=&#8221;%%15%%&#8221; _builder_version=&#8221;4.0.4&#8243; title_level=&#8221;h6&#8243; title_text_align=&#8221;center&#8221; title_font_size=&#8221;13px&#8221; text_orientation=&#8221;center&#8221; height=&#8221;141px&#8221; max_height=&#8221;100px&#8221; custom_padding=&#8221;0px|0px|0px|0px|true|true&#8221; link_option_url_new_window=&#8221;on&#8221; hover_enabled=&#8221;0&#8243; saved_tabs=&#8221;all&#8221; global_module=&#8221;343&#8243;][\/et_pb_gallery][\/et_pb_column][\/et_pb_row][\/et_pb_section]<\/p>\n","protected":false},"excerpt":{"rendered":"<p>Rozdzia\u0142 ten rozpoczynaj\u0105 prace rysowane rapidografem, kt\u00f3ry sta\u0142 si\u0119 ulubionym narz\u0119dziem rysunkowym pod koniec moich studi\u00f3w w Lublinie. Pierwszy szkicownik z tamtych czas\u00f3w by\u0142 zeszytem szkolnym, w kt\u00f3rym pobie\u017cnie zapisywa\u0142em pomys\u0142y inspirowane napotkanymi symbolami i fascynuj\u0105cymi mnie formami. Jego wygl\u0105d i zawarto\u015b\u0107 nie zapowiada\u0142y jakiejkolwiek wagi tego typu notacji w przysz\u0142o\u015bci.Proces zmian, jakie mia\u0142y miejsce [&hellip;]<\/p>\n","protected":false},"author":1,"featured_media":0,"parent":0,"menu_order":0,"comment_status":"closed","ping_status":"closed","template":"","meta":{"_et_pb_use_builder":"on","_et_pb_old_content":"","_et_gb_content_width":"","footnotes":""},"class_list":["post-22","page","type-page","status-publish","hentry"],"_links":{"self":[{"href":"https:\/\/jozefowski.art\/pl\/wp-json\/wp\/v2\/pages\/22","targetHints":{"allow":["GET"]}}],"collection":[{"href":"https:\/\/jozefowski.art\/pl\/wp-json\/wp\/v2\/pages"}],"about":[{"href":"https:\/\/jozefowski.art\/pl\/wp-json\/wp\/v2\/types\/page"}],"author":[{"embeddable":true,"href":"https:\/\/jozefowski.art\/pl\/wp-json\/wp\/v2\/users\/1"}],"replies":[{"embeddable":true,"href":"https:\/\/jozefowski.art\/pl\/wp-json\/wp\/v2\/comments?post=22"}],"version-history":[{"count":3,"href":"https:\/\/jozefowski.art\/pl\/wp-json\/wp\/v2\/pages\/22\/revisions"}],"predecessor-version":[{"id":537,"href":"https:\/\/jozefowski.art\/pl\/wp-json\/wp\/v2\/pages\/22\/revisions\/537"}],"wp:attachment":[{"href":"https:\/\/jozefowski.art\/pl\/wp-json\/wp\/v2\/media?parent=22"}],"curies":[{"name":"wp","href":"https:\/\/api.w.org\/{rel}","templated":true}]}}