{"id":1603,"date":"2020-01-15T23:43:17","date_gmt":"2020-01-15T22:43:17","guid":{"rendered":"https:\/\/jozefowski.art\/pl\/?page_id=1603"},"modified":"2020-01-15T23:59:37","modified_gmt":"2020-01-15T22:59:37","slug":"konferencje-i-sympozja","status":"publish","type":"page","link":"https:\/\/jozefowski.art\/pl\/konferencje-i-sympozja\/","title":{"rendered":"KONFERENCJE I SYMPOZJA"},"content":{"rendered":"<p>[et_pb_section fb_built=&#8221;1&#8243; _builder_version=&#8221;4.0.4&#8243;][et_pb_row _builder_version=&#8221;4.0.4&#8243;][et_pb_column type=&#8221;4_4&#8243; _builder_version=&#8221;4.0.4&#8243;][et_pb_image src=&#8221;https:\/\/jozefowski.art\/pl\/wp-content\/uploads\/2020\/01\/sympozjum.jpg&#8221; _builder_version=&#8221;4.0.4&#8243; hover_enabled=&#8221;0&#8243; animation_style=&#8221;slide&#8221;][\/et_pb_image][et_pb_text _builder_version=&#8221;4.0.4&#8243; hover_enabled=&#8221;0&#8243;]<\/p>\n<h3><span><strong>DOROBEK NAUKOWY<\/strong><\/span><\/h3>\n<h3><strong>Udzia\u0142 w konferencjach i seminariach naukowych<\/strong><\/h3>\n<p><strong>1998<\/strong><\/p>\n<ul>\n<li><span> <\/span><span>\u201eKsi\u0105\u017cka artystyczna jako obiekt oraz warsztat edukacyjny\u201d, Instytut Sztuki i Kultury Plastycznej Wy\u017cszej Szko\u0142y Pedagogicznej w Zielonej G\u00f3rze, 1998. <\/span><\/li>\n<li><span> <\/span><span>Organizacja wystawy konferencji oraz wyg\u0142oszenie referatu na temat: \u201eInna ksi\u0105\u017cka \u2013 w rozumieniu student\u00f3w IV roku na zaj\u0119ciach w Pracowni Edukacji Tw\u00f3rczej\u201d. Autor wst\u0119pu, opracowania i redakcji ksi\u0105\u017cki po konferencyjnej zawieraj\u0105cej katalog obiekt\u00f3w z wystawy oraz wyg\u0142oszone referaty.<\/span><\/li>\n<\/ul>\n<p><strong>1998<\/strong><\/p>\n<ul>\n<li><span>II Lubelskie Forum \u201eSztuka i Edukacja\u201d; temat wyst\u0105pienia \u201eWarsztaty tw\u00f3rcze z dzie\u0107mi i m\u0142odzie\u017c\u0105 na podstawie w\u0142asnych do\u015bwiadcze\u0144\u201d; Lublin 1998 <\/span><\/li>\n<li><span> <\/span><span>Og\u00f3lnopolska Konferencja Naukowa \u201ePrzemiany w kulturze, sztuce i edukacji w\u00a0<\/span>kontek\u015bcie dyskursu postmodernistycznego\u201d, Wy\u017csza Szko\u0142a Pedagogiczna w Krakowie; temat wyst\u0105pienia \u201eWybrane przyk\u0142ady warsztat\u00f3w edukacyjnych realizowanych w Pracowni Edukacji Tw\u00f3rczej\u201d; Krak\u00f3w 1998<\/li>\n<\/ul>\n<p><strong>1999<\/strong><\/p>\n<ul>\n<li><span> <\/span><span>Konferencja Naukowa \u201eDialog i komunikacja w sztuce wsp\u00f3\u0142czesnej\u201d, Uniwersytet \u015al\u0105ski Filia w Cieszynie; temat wyst\u0105pienia \u201eWarsztaty tw\u00f3rcze jako narz\u0119dzie metodyczne na przyk\u0142adzie tw\u00f3rczo\u015bci w\u0142asnej\u201d; Cieszyn 1999<\/span><\/li>\n<\/ul>\n<p><strong>2001<\/strong><\/p>\n<ul>\n<li><span> <\/span><span>\u201eMi\u0119dzynarodowa Konferencja Naukowa \u201eEdukacja Artystyczna Dzieci i M\u0142odzie\u017cy\u201d; temat wyst\u0105pienia \u201eBiblioterapia przy kreacji ksi\u0105\u017cki\u201d; WSP w Zielonej G\u00f3rze, 2001<\/span><\/li>\n<\/ul>\n<p><strong>2002<\/strong><\/p>\n<ul>\n<li><span> <\/span><span>Og\u00f3lnopolska Konferencja Naukowa \u201eSztuka i terapia\u201d; temat wyst\u0105pienia \u201ePraktyka sztuki jako terapia\u201d; Uniwersytet Zielonog\u00f3rski, Zielona G\u00f3ra, luty 2002<\/span><\/li>\n<li><span>III Lubelskie Forum \u201cSztuka \u2013 Edukacja\u201d; temat wyst\u0105pienia \u201ePraktyka edukatora sztuki a koncepcja jego kszta\u0142cenia\u201d, Lublin, maj 2002, Sesja problemowa \u201eWsp\u00f3\u0142czesne problemy a tradycje edukacji plastycznej w Polsce i na \u015bwiecie\u201d<\/span><\/li>\n<\/ul>\n<p><strong>2003<\/strong><\/p>\n<ul>\n<li><span> <\/span><span>Og\u00f3lnopolska Konferencja Naukowa \u201eSztuka a Terapia\u201d; temat wyst\u0105pienia \u201eWarsztaty tw\u00f3rcze aktywno\u015bci plastycznej w Pracowni Edukacji Tw\u00f3rczej\u201d; Zielona G\u00f3ra, maj 2003,\u00a0<\/span>\u017baga\u0144, Uniwersytet Zielonog\u00f3rski<\/li>\n<li>Og\u00f3lnopolska Konferencja Naukowa \u201eEdukacja artystyczna a przemiany kulturowe i potencja\u0142 tw\u00f3rczy cz\u0142owieka\u201d; Uniwersytet Miko\u0142aja Kopernika; temat wyst\u0105pienia \u201eDrzewo \u017cycia \u2013 warsztaty tw\u00f3rcze\u201d; Toru\u0144, wrzesie\u0144 2003<\/li>\n<li>I Og\u00f3lnopolska Konferencja Naukowa \u201eSztuka w Edukacji i Terapii\u201d; Uniwersytet \u015al\u0105ski; temat wyst\u0105pienia \u201eMiejsce warsztat\u00f3w edukacyjno\u2013artystycznych w obszarze sztuki na wybranych przyk\u0142adach z aktywno\u015bci w\u0142asnej\u201d; Ustro\u0144 2003<\/li>\n<\/ul>\n<p><span style=\"font-size: 16px;\"><strong>2005<\/strong><\/span><\/p>\n<ul>\n<li><span>II Og\u00f3lnopolska Konferencja Edukacji Artystycznej \u2013 EDUART \u201eMetafora \u2013 Sztuka Aktywno\u015b\u0107 tw\u00f3rcza\u201d; Toru\u0144, pa\u017adziernik 2005; temat wyst\u0105pienia \u201eOdmienno\u015b\u0107 warto\u015bci spotkania warsztatowego przy kreacji plastycznej na podstawie w\u0142asnych do\u015bwiadcze\u0144\u201d <\/span><\/li>\n<li><span> <\/span><span>Konferencja Naukowa \u201eW poszukiwaniu straconego Kr\u00f3lestwa \u2013 kulturowe\u00a0<\/span>konteksty ba\u015bni\u201d; temat wyst\u0105pienia \u201eW poszukiwaniu Ksi\u0119gi\u201d; 15 Biennale Sztuki dla Dziecka w Poznaniu; listopad 2005.<\/li>\n<\/ul>\n<p><strong>2007<\/strong><\/p>\n<ul>\n<li><span> <\/span><span>Mi\u0119dzynarodowa Konferencja Naukowa \u201eJ\u0119zyk do\u015bwiadczenia religijnego\u201d; temat wyst\u0105pienia \u201eProjektowanie do\u015bwiadczenia religijnego przy kreacji plastycznej\u201d; Grzybowo k\/Koszalina 2007<\/span><\/li>\n<\/ul>\n<p><strong>2009<\/strong><\/p>\n<ul>\n<li><span>International Conference <\/span><span>\u201e<\/span><span>New Architectures In Eurepean Higher Education Area<\/span><span>\u201d; Pedagogische Hochschule Wien; temat wyst\u0105pienia \u201e<\/span><span>Ten Years of State Higher Vocational Schools in Poland<\/span><span>\u201d; Wiede\u0144 2009 <\/span><\/li>\n<li><span>VI Mi\u0119dzynarodowa Konferencja \u201eEdukacja alternatywna \u2013 dylematy teorii i praktyki\u201d; wyst\u0105pienie 19 pa\u017adziernika \u201eEdukacja artystyczna w dzia\u0142aniach warsztatowych na podstawie aktywno\u015bci w\u0142asnej\u201d, w sekcji 1 \u201eEdukacyjne alternatywy wspierania rozwoju i procesu tw\u00f3rczego\u201d; \u0141\u00f3d\u017a 2009<\/span><\/li>\n<li><span> <\/span><span>Og\u00f3lnopolska konferencja \u201eEdukacja\u2013Sztuka\u2013Integracja\u201d; Akademia Pedagogiki Specjalnej im. Marii Grzegorzewskiej; wyst\u0105pienie w cz\u0119\u015bci plenarnej pod tytu\u0142em \u201eWarsztaty tw\u00f3rcze\u201d oraz filmowa autotska prezentacja metod arteterapeutycznych; Warszawa 2009<\/span><\/li>\n<\/ul>\n<p><strong>2010<\/strong><\/p>\n<ul>\n<li><span> <\/span><span>Mi<\/span><span>\u0119dzynarodowa Konferencja Naukowa \u201ePodmiot\u2013Terapia\u2013Edukacja\u201d; Pozna\u0144 4\u20135 listopada Uniwerystet Medyczny w Poznaniu, Uniwersytet Artystyczny w Poznaniu, Uniwersytet im. Adama Mickiewicza w Poznaniu; Wyst\u0105pienie 4 listopada 2010 \u201eO I Warsztatach Form Arteterapii\u201d; Pozna\u0144 2010<\/span><\/li>\n<\/ul>\n<p><strong>2011<\/strong><\/p>\n<ul>\n<li><span> <\/span><span>Seminarium Naukowe \u201eZastosowanie metod psychokorekcji w socjalno\u2013pedagogicznej praktyce\u201d; Bia\u0142oruski Uniwersytet Pa\u0144stwowy BGU Fakultet Humanistyczny\/ Zak\u0142ad Psychologii Og\u00f3lnej i Klinicznej; Wyk\u0142ad pod tytu\u0142em \u201eAreteterapia w praktyce dydaktycznej\u201d oraz przeprowadzenie warsztat\u00f3w arteterapeutycznych; Mi\u0144<\/span><span>sk 2011<\/span><\/li>\n<li>Seminarium Naukowe \u201eTeoria i praktyka pomocy spo<span style=\"font-size: 16px;\">\u0142ecznej\u201d; Wydzia\u0142 Pedagogiczno\u2013Artystyczny Uniwersytetu im. Adama Mickiewicza; Wyst\u0105pienie pod tytu\u0142em \u201eArteterapia przy pomocy kreacji plastycznej w praktyce dydaktycznej na przyk\u0142adzie realizacji przedmiotu: Warsztaty terapii wizualnej\u201d; Kalisz 2011<\/span><\/li>\n<li><span>I Mi\u0119dzynarodowa Konferencja Naukowo\u2013Artystyczna \u201eArteterapia jako praktyka oddzia\u0142ywa\u0144 terapeutycznych\u201d; Wydzia\u0142 Pedagogiczno\u2013Artystyczny Uniwersytetu im. Adama Mickiewicza; Organizacja konferencji oraz prezentacja referatu \u201eII Warsztaty Form Arteterapii \u2013 Obrazy \u2013 korzenie my\u015bli\u201d; Kalisz 2011<\/span><\/li>\n<\/ul>\n<p><strong>2013<\/strong><\/p>\n<ul>\n<li><span> <\/span><span>Sympozjum artystyczno \u2013 naukowe \u201eKreacja wizualna jako przestrze\u0144 rozwoju osobowego i mediacji sztuki\u201d Akademia Sztuk Pi\u0119knych im. Eugeniusza Gepperta we Wroc\u0142awiu, 22\u201323 kwiecie\u0144; organizacja sympozjum i wyg\u0142oszenie referatu pod tytu\u0142em \u201eKreacja wizualna w arteterapii jako przestrze\u0144 rozwoju osobowego na podstawie prowadzonego projektu badawczego\u201d ;Wroc\u0142aw 2013<\/span><\/li>\n<li><span>Mi\u0119dzynarodowa Konferencja Naukowa \u201eCzas na arteterapi\u0119<\/span><span>! Time for Art Therapy<\/span><span>\u201d, Mazowieckie Specjalistyczne Centrum Zdrowia im. prof. Jana Mazurkiewicza, Pa\u0142acyk nad Utrat\u0105, wyst\u0105pienie pod tytu\u0142em \u201eO trzyletnim arteterapeutycznym projekcie badawczym dotycz\u0105cym zastosowania warsztatu tw\u00f3rczego w edukacji\u201d Pruszk\u00f3w 2013<\/span><\/li>\n<li>Konferencja Naukowa \u201eSztuka i Edukacja\u201d; Wydzia\u0142 Artystyczny UMCS; Wyst\u0105pienie pod tytu\u0142em \u201eKreacja wizualna jako przestrzen\u0301 rozwoju osobowego na podstawie realizacji autorskiego warsztatu tw\u00f3rczego pt. Dekonstrukcje toz\u0307samos\u0301ci\u201d; Lublin 2013<\/li>\n<li><span>Seminarium Naukowo\u2013Dydaktyczne \u201eDialog, monolog, cisza\u201d podsumowuj\u0105ce pierwszy cykl kszta\u0142cenia na kierunku grafika w PWSZ w G\u0142ogowie; Muzeum Archeologiczno\u2013Historyczne w G\u0142ogowie, wyst\u0105pienie i prezentacja multimedialna pod tytu\u0142em \u201eKsi\u0105\u017cka artystyczna jako przekaz artystyczny o multimedialnym charakterze\u201d; G\u0142og\u00f3w 2013<\/span><\/li>\n<li><span>Sympozjum \u201eJaka\u00a0Akademia?\u00a0Szkolnictwo\u00a0artystyczne\u00a0w\u00a0nowym\u00a0otoczeniu technologicznym.\u00a0Stan\u00a0obecny\u00a0i\u00a0perspektywy\u00a0rozwoju\u00a0szkolnictwa artystycznego\u00a0w\u00a0Polsce\u201d; Akademia Sztuki, Wyst\u0105pienie pod tytu\u0142em \u201eWarsztaty tw\u00f3rcze jako metoda kszta\u0142cenia wspomagaj\u0105ca rozw\u00f3j podmiotowy\u201d\u00a0; Szczecin 2013.<\/span><\/li>\n<li><span>Mi\u0119dzynarodowa Konferencja \u201eMediacja Sztuki \u2013 nowa interakcja mi\u0119dzy artyst\u0105, dzie\u0142em a odbiorc\u0105\u201d ; wyst\u0105pienie pod tytu\u0142em :Warsztat tw\u00f3rczy jako forma sztuki wsp\u00f3\u0142czesnej i aktywno\u015bci wspieraj\u0105cej rozw\u00f3j podmiotowy\u201d; Wroc\u0142aw Akademia Sztuk Pi\u0119knych im. Eugeniusza Gepperta; 20\u201321 listopad 2013.<\/span><\/li>\n<\/ul>\n<p><strong>2014<\/strong><\/p>\n<ul>\n<li><span> <\/span><span>Mi\u0119dzynarodowa konferencja \u201c2nd IRI International Educational Conference\u201d, wyst\u0105pienie w dniu 18.10.2014 roku pod tytu\u0142em \u201cCreative workshop as a form of contemporary art and a space for subjective development\u201d, International Research Institute s.r.o., Komarno, S\u0142owacja (17.10.2014\u201321.10.2014)<\/span><\/li>\n<\/ul>\n<p><strong>2015<\/strong><\/p>\n<ul>\n<li><span> <\/span><span>Seminarium Naukowe \u201eKreacja wizualna jako przestrze\u0144 rozwoju osobowego \u2013 teoretyczne i empiryczne aspekty zastosowania warsztatu tw\u00f3rczego w edukacji\u201d, wyst\u0105pienie pod tytu\u0142em \u201eZa\u0142o\u017cenia projektu badawczego i koncepcja warsztatu tw\u00f3rczego \u201eDekonstrukcje to\u017csamo\u015bci\u201d, 15 maja 2015, Collegium Minus Uniwersytet Adama Mickiewicza w Poznaniu.<\/span><\/li>\n<li><span> <\/span><span>III Interdyscyplinarna Konferencja Naukowa z cyklu: Rzeczywisto\u015b\u0107 Edukacyjna na temat: \u201eCentralne Kategorie wsp\u00f3\u0142czesnej i historycznej pedagogiki\u201d \u0141\u00f3dz\u0301, 12 czerwca 2015 r., wyst\u0105pienie pod tytu\u0142em \u201eEdukacja sztuka<\/span><span>\u0328<\/span><span> jako kategoria wsp\u00f3\u0142czesnej pedagogiki\u201d . \u0141\u00f3d\u017a \u2013 Centrum Konferencyjne <\/span><\/li>\n<li><span> <\/span><span>VI Mi\u0119dzynarodowa Konferencja Szkoleniowo\u2013Naukowa z cyklu \u201ePsychiatria i Sztuka\u201d pod tytu\u0142em \u201eZnaki i symbole\u201d, wyst\u0105pienie pod tytu\u0142em \u201eZnaki i symbole w procesie odkrywania to\u017csamo\u015bci w warsztacie tw\u00f3rczym\u201d, Krak\u00f3w, Wydzia\u0142 Sztuki Uniwersytetu Pedagogicznego.<\/span><\/li>\n<\/ul>\n<p><strong>2016<\/strong><\/p>\n<ul>\n<li><span> <\/span><span>Og\u00f3lnopolska Konferencja Naukowa \u201eProfesjonalizacja kreatywno\u015bci\u201d, 15\u201316 marca 2016 r., wyst\u0105pienie pod tytu\u0142em \u201eKsi\u0105\u017cka nad\u2013pisana jako przyk\u0142ad ksi\u0105\u017cki artystycznej wygenerowanej z relacji do kreatywno\u015bci tw\u00f3rcy\u201d, Akademia Humanistyczno\u2013Ekonomiczna, \u0141\u00f3d\u017a.<\/span><\/li>\n<\/ul>\n<p><strong>2017<\/strong><\/p>\n<ul>\n<li><span> <\/span><span>II Konferencja Naukowa \u201eProfesjonalizacja kreatywno\u015bci: Kreatywne my\u015blenie \u2013 Kreatywne dzia\u0142anie\u201d, Lublin, 25\u201326.04.2017 r., wyst\u0105pienie pod tytu\u0142em \u201eTw\u00f3rczo\u015b\u0107 artystyczna jako jedna z mo\u017cliwo\u015bci profesjonalizacji kreatywno\u015bci\u201d, Lublin, Wy\u017csza Szko\u0142a Przedsi\u0119biorczo\u015bci i Administracji.<\/span><\/li>\n<li><span> <\/span><span>Mi\u0119dzynarodowa Konferencja \u201e\u015awiat z perspektywy sztuki, sztuka w perspektywie \u015bwiata. Wyzwania wsp\u00f3\u0142czesnej edukacji artystycznej\u201d, wyst\u0105pienie pod tytu\u0142em \u201eSztuka jako spos\u00f3b prze\u017cywania i\u00a0kreowania rzeczywisto\u015bci na podstawie do\u015bwiadcze\u0144 w\u0142asnych\u201d, Muzeum Okr\u0119gowe w Toruniu, Centrum Sztuki Wsp\u00f3\u0142czesnej Znaki Czasu w Toruniu, Toru\u0144, 19\u201320.10.2017.<\/span><\/li>\n<li><span> <\/span><span>VIII Mi\u0119dzynarodowa Konferencja Szkoleniowo \u2013 Naukowa z cyklu \u201ePsychiatria i Sztuka\u201d pt. \u201eMi\u0119dzy religi\u0105 a seksualno\u015bci\u0105. Dynamika spotka\u0144 arteterapeutycznych\u201d, wyst\u0105pienie pod tytu\u0142em \u201eSeksualno\u015b\u0107 sztuki wizualnej czyli bez s\u0142\u00f3w i z komentarzem s\u0142ownym \u2013 przypadek autoetnograficzny i autoterapeutyczny\u201d, Uniwersytet Pedagogiczny im. Komisji Edukacji Narodowej w Krakowie, 1\u20132 grudnia 2017.<\/span><\/li>\n<\/ul>\n<p><strong>2018<\/strong><\/p>\n<ul>\n<li><span> <\/span><span>III Og\u00f3lnopolska Konferencja Naukowa \u201eProfesjonalizacja kreatywno\u015bci\u201d, wyst\u0105pienie pod tytu\u0142em \u201eAutoterapeutyczna rola kreacji wizualnej w pracy ze sob\u0105 i innymi lud\u017ami\u201d, Akademia Humanistyczno\u2013Ekonomiczna w \u0141odzi, 19\u201320 kwietnia 2018 roku.<\/span><\/li>\n<li><span>IX Mi\u0119dzynarodowa Konferencja Szkoleniowo\u2013Naukowa z cyklu \u201ePsychiatria i sztuka\u201d pod tytu\u0142em \u201eDlaczego kola\u017c? Mo\u017cliwo\u015bci formalne i wyrazowe kola\u017cu i monta\u017cu artystycznego w sztuce profesjonalist\u00f3w i outsider\u00f3w\u201d, wyst\u0105pienie pod tytu\u0142em: \u201eRozwa\u017cania na temat kola\u017cu jako formy wielokrotnej aktualizacji wypowiedzi wizualnych na podstawie tw\u00f3rczo\u015bci w\u0142asnej\u201d, Uniwersytet Pedagogiczny im. Komisji Edukacji Narodowej w Krakowie, 16\u201317 listopada 2018 roku.<\/span><\/li>\n<\/ul>\n<p><strong>2019<\/strong><\/p>\n<ul>\n<li><span> <\/span><span>II Interdyscyplinarna Og\u00f3lnopolska Konferencja Naukowa \u2013 Technika \u2013 Sztuka \u2013 Natura, prezentacja obrazu w ramach wystawy \u201eKomunikacja \u2013 Mediacja \u2013 Sztuka\u201d, Akademia Sztuk Pi\u0119knych we Wroc\u0142awiu, 9 maja 2019 roku.<\/span><\/li>\n<li><span> <\/span><span>Konferencja Naukowa \u201eTekstografie \u2013 edytorskie przestrzenie tekstu i obrazu\u201d, prezentacja pod tytu\u0142em \u201eAutorska ksi\u0105\u017cka artystyczna \u2013 prezentacja przyk\u0142ad\u00f3w\u201d, Uniwersytet Wroc\u0142awski, 13, 14 maja 2019 roku.<\/span><\/li>\n<\/ul>\n<p>&nbsp;<\/p>\n<p>[\/et_pb_text][\/et_pb_column][\/et_pb_row][\/et_pb_section]<\/p>\n","protected":false},"excerpt":{"rendered":"<p>DOROBEK NAUKOWY Udzia\u0142 w konferencjach i seminariach naukowych 1998 \u201eKsi\u0105\u017cka artystyczna jako obiekt oraz warsztat edukacyjny\u201d, Instytut Sztuki i Kultury Plastycznej Wy\u017cszej Szko\u0142y Pedagogicznej w Zielonej G\u00f3rze, 1998. Organizacja wystawy konferencji oraz wyg\u0142oszenie referatu na temat: \u201eInna ksi\u0105\u017cka \u2013 w rozumieniu student\u00f3w IV roku na zaj\u0119ciach w Pracowni Edukacji Tw\u00f3rczej\u201d. Autor wst\u0119pu, opracowania i redakcji [&hellip;]<\/p>\n","protected":false},"author":1,"featured_media":0,"parent":0,"menu_order":0,"comment_status":"closed","ping_status":"closed","template":"","meta":{"_et_pb_use_builder":"on","_et_pb_old_content":"","_et_gb_content_width":"","footnotes":""},"class_list":["post-1603","page","type-page","status-publish","hentry"],"_links":{"self":[{"href":"https:\/\/jozefowski.art\/pl\/wp-json\/wp\/v2\/pages\/1603","targetHints":{"allow":["GET"]}}],"collection":[{"href":"https:\/\/jozefowski.art\/pl\/wp-json\/wp\/v2\/pages"}],"about":[{"href":"https:\/\/jozefowski.art\/pl\/wp-json\/wp\/v2\/types\/page"}],"author":[{"embeddable":true,"href":"https:\/\/jozefowski.art\/pl\/wp-json\/wp\/v2\/users\/1"}],"replies":[{"embeddable":true,"href":"https:\/\/jozefowski.art\/pl\/wp-json\/wp\/v2\/comments?post=1603"}],"version-history":[{"count":8,"href":"https:\/\/jozefowski.art\/pl\/wp-json\/wp\/v2\/pages\/1603\/revisions"}],"predecessor-version":[{"id":1620,"href":"https:\/\/jozefowski.art\/pl\/wp-json\/wp\/v2\/pages\/1603\/revisions\/1620"}],"wp:attachment":[{"href":"https:\/\/jozefowski.art\/pl\/wp-json\/wp\/v2\/media?parent=1603"}],"curies":[{"name":"wp","href":"https:\/\/api.w.org\/{rel}","templated":true}]}}