{"id":1215,"date":"2019-12-04T22:47:08","date_gmt":"2019-12-04T21:47:08","guid":{"rendered":"http:\/\/jozefowski.art\/pl\/?page_id=1215"},"modified":"2020-01-10T11:23:44","modified_gmt":"2020-01-10T10:23:44","slug":"nagrody","status":"publish","type":"page","link":"https:\/\/jozefowski.art\/pl\/nagrody\/","title":{"rendered":"NAGRODY"},"content":{"rendered":"<p>[et_pb_section fb_built=&#8221;1&#8243; _builder_version=&#8221;4.0.4&#8243;][et_pb_row _builder_version=&#8221;4.0.4&#8243;][et_pb_column type=&#8221;4_4&#8243; _builder_version=&#8221;4.0.4&#8243;][et_pb_text _builder_version=&#8221;4.0.4&#8243; custom_padding=&#8221;||0px|||&#8221;]<\/p>\n<h3><strong>Wykaz otrzymanych nagr\u00f3d, wyr\u00f3\u017cnie\u0144 i medali oraz nominacje do nagr\u00f3d<\/strong><\/h3>\n<p><strong>\u201eKonkurs na inn\u0105, now\u0105 ksi\u0105\u017ck\u0119 dla dziecka\u201d<\/strong>, Pozna\u0144 1985 \u2013 wyr\u00f3\u017cnienie<br \/> <strong>\u201eKonkurs na inn\u0105, now\u0105 ksi\u0105\u017ck\u0119 dla dziecka\u201d<\/strong>, Pozna\u0144 1988 \u2013 II nagroda<br \/> <strong>Nagroda Pa\u0144stwowa II stopnia za tw\u00f3rczo\u015b\u0107 artystyczn\u0105 dla dzieci i m\u0142odzie\u017cy<\/strong> za inicjatywy i nowatorskie dzia\u0142ania plastyczne w\u015br\u00f3d dzieci i m\u0142odzie\u017cy (z Grup\u0105 pARTner), 01.06. 1986<br \/> <strong>Wyr\u00f3\u017cnienie w \u201eOg\u00f3lnopolskim Konkursie na Grafik\u0119 Warsztatow\u0105 \u2013 Karimex\u201d<\/strong>, \u0141\u00f3d\u017a 1989<br \/> <strong>Medal Honorowy \u201eVIII Biennale Sztuki dla Dziecka\u201d<\/strong>, Pozna\u0144 1989<br \/> <strong>Nagroda Rektora Wy\u017cszej Szko\u0142y Pedagogicznej w Zielonej G\u00f3rze za osi\u0105gni\u0119cia artystyczne<\/strong>, 1999<br \/><span style=\"background-color: #ffffff; font-size: 16px; font-weight: bold;\">Nagroda Wydawnictwa Pr\u00f3szy\u0144ski i S\u2013ka na wystawie \u201eWsp\u00f3\u0142czesna Polska Sztuka Ksi\u0105\u017cki<\/span><strong>\u201d<\/strong>, Warszawa 1997<br \/> <strong>Nagroda Jury \u201eWsp\u00f3\u0142czesna Polska Sztuka Ksi\u0105\u017cki\u201d<\/strong>, Warszawa 2000<br \/> <strong>Nominacja do Nagrody Prezydenta RP<\/strong> w 2002 roku za tw\u00f3rczo\u015b\u0107 i dzia\u0142alno\u015b\u0107 artystyczn\u0105 dla dzieci i m\u0142odzie\u017cy.<br \/> <strong>Srebrny Krzy\u017c Zas\u0142ugi, Prezydent RP<\/strong>, 2006,<br \/> <strong>Nagroda II stopnia Ministra Nauki i Szkolnictwa Wy\u017cszego<\/strong>, Warszawa 2007<br \/> <strong>Nagroda II stopnia Ministra Nauki i Szkolnictwa Wy\u017cszego<\/strong>, Warszawa 2008<br \/> <strong>Medal \u201eZa zas\u0142ugi dla rozwoju o\u015bwiaty Miasta G\u0142ogowa\u201d<\/strong>, G\u0142og\u00f3w 2009<br \/> <strong>Nagroda III stopnia Ministra Nauki i Szkolnictwa Wy\u017cszego<\/strong>, Warszawa 2009<br \/> <strong>Nagroda Rektora Uniwersytetu im. Adama Mickiewicza \u2013 indywidualna<\/strong>, Pozna\u0144 2011<br \/> <strong>Nagroda Rektora Uniwersytetu im. Adama Mickiewicza \u2013 zespo\u0142owa<\/strong>, Pozna\u0144 2011<br \/> <strong>Nominacja do nagrody na 23 Festiwalu Malarstwa Wsp\u00f3\u0142czesnego<\/strong>, Szczecin 2011<br \/> <strong>Wyr\u00f3\u017cnienie honorowe na VIII Mi\u0119dzynarodowym Biennale Rysunku w Pil\u017anie<\/strong> \u2013\u00a0VIII. \u201eInternational Biennial of Drawing Pilsen 2012, Pilzno 2012<br \/> <strong>Nominacja do Nagrody Roku ZPAP<\/strong>, Okr\u0119g Wroc\u0142awski Zwi\u0105zku Polskich Artyst\u00f3w Plastyk\u00f3w, Wroc\u0142aw 2014<br \/> <strong>Nagroda Rektora ASP we Wroc\u0142awiu<\/strong>, II stopnia \u2013 indywidualna za rok akademicki 2016\u20132017<br \/> <strong>Nagroda Rektora Warszawskiego Uniwersytetu Medycznego<\/strong>, III stopnia \u2013 zespo\u0142owa za wsp\u00f3\u0142autorstwo monografii \u201eArteterapia\u201d, 2017<br \/> <strong>Z\u0142oty Krzy\u017c Zas\u0142ugi, Prezydent RP,<\/strong> 2018<\/p>\n<p>[\/et_pb_text][\/et_pb_column][\/et_pb_row][\/et_pb_section]<\/p>\n","protected":false},"excerpt":{"rendered":"<p>Wykaz otrzymanych nagr\u00f3d, wyr\u00f3\u017cnie\u0144 i medali oraz nominacje do nagr\u00f3d \u201eKonkurs na inn\u0105, now\u0105 ksi\u0105\u017ck\u0119 dla dziecka\u201d, Pozna\u0144 1985 \u2013 wyr\u00f3\u017cnienie \u201eKonkurs na inn\u0105, now\u0105 ksi\u0105\u017ck\u0119 dla dziecka\u201d, Pozna\u0144 1988 \u2013 II nagroda Nagroda Pa\u0144stwowa II stopnia za tw\u00f3rczo\u015b\u0107 artystyczn\u0105 dla dzieci i m\u0142odzie\u017cy za inicjatywy i nowatorskie dzia\u0142ania plastyczne w\u015br\u00f3d dzieci i m\u0142odzie\u017cy (z [&hellip;]<\/p>\n","protected":false},"author":1,"featured_media":0,"parent":0,"menu_order":0,"comment_status":"closed","ping_status":"closed","template":"","meta":{"_et_pb_use_builder":"on","_et_pb_old_content":"","_et_gb_content_width":"","footnotes":""},"class_list":["post-1215","page","type-page","status-publish","hentry"],"_links":{"self":[{"href":"https:\/\/jozefowski.art\/pl\/wp-json\/wp\/v2\/pages\/1215","targetHints":{"allow":["GET"]}}],"collection":[{"href":"https:\/\/jozefowski.art\/pl\/wp-json\/wp\/v2\/pages"}],"about":[{"href":"https:\/\/jozefowski.art\/pl\/wp-json\/wp\/v2\/types\/page"}],"author":[{"embeddable":true,"href":"https:\/\/jozefowski.art\/pl\/wp-json\/wp\/v2\/users\/1"}],"replies":[{"embeddable":true,"href":"https:\/\/jozefowski.art\/pl\/wp-json\/wp\/v2\/comments?post=1215"}],"version-history":[{"count":4,"href":"https:\/\/jozefowski.art\/pl\/wp-json\/wp\/v2\/pages\/1215\/revisions"}],"predecessor-version":[{"id":1443,"href":"https:\/\/jozefowski.art\/pl\/wp-json\/wp\/v2\/pages\/1215\/revisions\/1443"}],"wp:attachment":[{"href":"https:\/\/jozefowski.art\/pl\/wp-json\/wp\/v2\/media?parent=1215"}],"curies":[{"name":"wp","href":"https:\/\/api.w.org\/{rel}","templated":true}]}}